{"id":7207,"date":"2024-06-05T21:17:17","date_gmt":"2024-06-05T21:17:17","guid":{"rendered":"https:\/\/cooltechies.com\/recomendaciones-geniales-terminos-y-condiciones\/"},"modified":"2025-05-21T11:07:11","modified_gmt":"2025-05-21T16:07:11","slug":"recomendaciones-geniales-terminos-y-condiciones","status":"publish","type":"page","link":"https:\/\/cooltechies.com\/es\/recomendaciones-geniales-terminos-y-condiciones\/","title":{"rendered":"RECOMENDACIONES GENIALES: T\u00e9rminos y condiciones"},"content":{"rendered":"\t\t<div data-elementor-type=\"wp-page\" data-elementor-id=\"7207\" class=\"elementor elementor-7207 elementor-5665\" data-elementor-post-type=\"page\">\n\t\t\t\t\t\t<section class=\"elementor-section elementor-top-section elementor-element elementor-element-bbfef32 elementor-section-boxed elementor-section-height-default elementor-section-height-default\" data-id=\"bbfef32\" data-element_type=\"section\">\n\t\t\t\t\t\t<div class=\"elementor-container elementor-column-gap-default\">\n\t\t\t\t\t<div class=\"elementor-column elementor-col-100 elementor-top-column elementor-element elementor-element-e9e2621\" data-id=\"e9e2621\" data-element_type=\"column\">\n\t\t\t<div class=\"elementor-widget-wrap elementor-element-populated\">\n\t\t\t\t\t\t<div class=\"elementor-element elementor-element-99fc759 elementor-widget elementor-widget-spacer\" data-id=\"99fc759\" data-element_type=\"widget\" data-widget_type=\"spacer.default\">\n\t\t\t\t<div class=\"elementor-widget-container\">\n\t\t\t\t\t\t\t<div class=\"elementor-spacer\">\n\t\t\t<div class=\"elementor-spacer-inner\"><\/div>\n\t\t<\/div>\n\t\t\t\t\t\t<\/div>\n\t\t\t\t<\/div>\n\t\t\t\t<div class=\"elementor-element elementor-element-519b2e4 elementor-widget elementor-widget-heading\" data-id=\"519b2e4\" data-element_type=\"widget\" data-widget_type=\"heading.default\">\n\t\t\t\t<div class=\"elementor-widget-container\">\n\t\t\t\t\t<h2 class=\"elementor-heading-title elementor-size-default\">RECOMENDACIONES GENIALES: T\u00e9rminos y condiciones\n<\/h2>\t\t\t\t<\/div>\n\t\t\t\t<\/div>\n\t\t\t\t<div class=\"elementor-element elementor-element-88c32a8 elementor-widget elementor-widget-spacer\" data-id=\"88c32a8\" data-element_type=\"widget\" data-widget_type=\"spacer.default\">\n\t\t\t\t<div class=\"elementor-widget-container\">\n\t\t\t\t\t\t\t<div class=\"elementor-spacer\">\n\t\t\t<div class=\"elementor-spacer-inner\"><\/div>\n\t\t<\/div>\n\t\t\t\t\t\t<\/div>\n\t\t\t\t<\/div>\n\t\t\t\t<div class=\"elementor-element elementor-element-910b8a9 elementor-widget elementor-widget-text-editor\" data-id=\"910b8a9\" data-element_type=\"widget\" data-widget_type=\"text-editor.default\">\n\t\t\t\t<div class=\"elementor-widget-container\">\n\t\t\t\t\t\t\t\t\t<p>\u00a1<b>Bienvenido al <\/b><b> Programa de Recomendaci\u00f3n<\/b><b>de CoolTechies<\/b><b>!<\/b> Agradecemos tu entusiasmo por nuestros servicios y tu disposici\u00f3n a recomendarnos a otras personas. Este documento describe los t\u00e9rminos y condiciones (\u201cT\u00e9rminos\u201d) que rigen nuestro programa de recomendaci\u00f3n (\u201cPrograma\u201d). <\/p><ol><li><b>  Requisitos:<\/b><\/li><\/ol><ul><li>Este programa s\u00f3lo est\u00e1 abierto a los clientes actuales de CoolTechies.<\/li><li>No puedes recomendarte a ti mismo ni crear varias cuentas para participar.<\/li><\/ul><ol start=\"2\"><li><b>  C\u00f3mo funciona:<\/b><\/li><\/ol><ul><li>Comparte tu enlace \u00fanico de recomendaci\u00f3n o proporciona los nombres e informaci\u00f3n de contacto de tus amigos a trav\u00e9s de nuestro formulario de recomendaci\u00f3n.<\/li><li>Para poder optar a una recompensa por recomendaci\u00f3n, tu amigo referido debe:<\/li><\/ul><p>\u25e6Ser un cliente nuevo que no ha contactado anteriormente con CoolTechies.<\/p><p>\u25e6Programa y completa una visita de mantenimiento.<\/p><ol start=\"3\"><li><b>  Recompensas por recomendaci\u00f3n:<\/b><\/li><\/ol><ul><li>Recibir\u00e1s una recompensa en funci\u00f3n del n\u00famero de amigos recomendados que programen visitas:<\/li><\/ul><p>\u25e620$ por cada amigo referido que programe una visita.<\/p><p>\u25e645$ por 2 amigos referidos que programen visitas.<\/p><p>\u25e675$ por 3 amigos referidos que programen visitas.<\/p><ul><li>Adem\u00e1s, recibir\u00e1s GRATIS una suscripci\u00f3n de 1 a\u00f1o a CoolTechies (valorada en 149 $) si uno o m\u00e1s de tus amigos recomendados programan visitas (la suscripci\u00f3n se activa al completar la primera visita).<\/li><li>Las recompensas se distribuir\u00e1n en forma de tarjeta regalo de Amazon enviada por correo electr\u00f3nico a la direcci\u00f3n asociada a tu cuenta CoolTechies.<\/li><\/ul><ol start=\"4\"><li><b>  Descalificaci\u00f3n del programa:<\/b><\/li><\/ol><ul><li>CoolTechies se reserva el derecho a descalificarte del programa a su entera discreci\u00f3n por cualquier violaci\u00f3n de estas Condiciones, incluyendo pero no limit\u00e1ndose a:<\/li><\/ul><p>\u25e6Actividad fraudulenta o intento de manipulaci\u00f3n del programa.<\/p><p>\u25e6Autorreferencias o creaci\u00f3n de varias cuentas.<\/p><p>\u25e6Compartir enlaces de referencia en foros o sitios web p\u00fablicos sin la aprobaci\u00f3n de CoolTechies.<\/p><ol start=\"5\"><li><b>  Disposiciones generales:<\/b><\/li><\/ol><ul><li>CoolTechies se reserva el derecho a modificar o finalizar el programa en cualquier momento sin previo aviso.<\/li><li>Estas Condiciones est\u00e1n sujetas a cambios en cualquier momento. Tu participaci\u00f3n continuada en el programa constituye tu aceptaci\u00f3n de las Condiciones revisadas. <\/li><li>Este programa es nulo donde lo proh\u00edba la ley.<\/li><\/ul><ol start=\"6\"><li><b>  Ponte en contacto con nosotros:<\/b><\/li><\/ol><p>Si tienes alguna pregunta sobre el programa Cool Referrals o sobre estas Condiciones, ponte en contacto con nosotros en [insertar informaci\u00f3n de contacto (correo electr\u00f3nico o n\u00famero de tel\u00e9fono)].<\/p><p><b>Gracias por participar en el <\/b><b>CoolTechies<\/b><b> \u00a1Programa de recomendaci\u00f3n!<\/b><\/p>\t\t\t\t\t\t\t\t<\/div>\n\t\t\t\t<\/div>\n\t\t\t\t<div class=\"elementor-element elementor-element-301e1e5 elementor-widget elementor-widget-spacer\" data-id=\"301e1e5\" data-element_type=\"widget\" data-widget_type=\"spacer.default\">\n\t\t\t\t<div class=\"elementor-widget-container\">\n\t\t\t\t\t\t\t<div class=\"elementor-spacer\">\n\t\t\t<div class=\"elementor-spacer-inner\"><\/div>\n\t\t<\/div>\n\t\t\t\t\t\t<\/div>\n\t\t\t\t<\/div>\n\t\t\t\t\t<\/div>\n\t\t<\/div>\n\t\t\t\t\t<\/div>\n\t\t<\/section>\n\t\t\t\t<\/div>\n\t\t","protected":false},"excerpt":{"rendered":"<p>RECOMENDACIONES GENIALES: T\u00e9rminos y condiciones \u00a1Bienvenido al Programa de Recomendaci\u00f3nde CoolTechies! Agradecemos tu entusiasmo por nuestros servicios y tu disposici\u00f3n a recomendarnos a otras personas. Este documento describe los t\u00e9rminos y condiciones (\u201cT\u00e9rminos\u201d) que rigen nuestro programa de recomendaci\u00f3n (\u201cPrograma\u201d). Requisitos: Este programa s\u00f3lo est\u00e1 abierto a los clientes actuales de CoolTechies. No puedes recomendarte [&hellip;]<\/p>\n","protected":false},"author":1,"featured_media":0,"parent":0,"menu_order":0,"comment_status":"closed","ping_status":"closed","template":"","meta":{"footnotes":""},"class_list":["post-7207","page","type-page","status-publish","hentry"],"_links":{"self":[{"href":"https:\/\/cooltechies.com\/es\/wp-json\/wp\/v2\/pages\/7207","targetHints":{"allow":["GET"]}}],"collection":[{"href":"https:\/\/cooltechies.com\/es\/wp-json\/wp\/v2\/pages"}],"about":[{"href":"https:\/\/cooltechies.com\/es\/wp-json\/wp\/v2\/types\/page"}],"author":[{"embeddable":true,"href":"https:\/\/cooltechies.com\/es\/wp-json\/wp\/v2\/users\/1"}],"replies":[{"embeddable":true,"href":"https:\/\/cooltechies.com\/es\/wp-json\/wp\/v2\/comments?post=7207"}],"version-history":[{"count":2,"href":"https:\/\/cooltechies.com\/es\/wp-json\/wp\/v2\/pages\/7207\/revisions"}],"predecessor-version":[{"id":11019,"href":"https:\/\/cooltechies.com\/es\/wp-json\/wp\/v2\/pages\/7207\/revisions\/11019"}],"wp:attachment":[{"href":"https:\/\/cooltechies.com\/es\/wp-json\/wp\/v2\/media?parent=7207"}],"curies":[{"name":"wp","href":"https:\/\/api.w.org\/{rel}","templated":true}]}}