{"id":6698,"date":"2024-04-11T03:26:15","date_gmt":"2024-04-11T03:26:15","guid":{"rendered":"https:\/\/cooltechies.com\/terminos-y-condiciones\/"},"modified":"2025-05-21T11:09:59","modified_gmt":"2025-05-21T16:09:59","slug":"terminos-y-condiciones","status":"publish","type":"page","link":"https:\/\/cooltechies.com\/es\/terminos-y-condiciones\/","title":{"rendered":"T\u00e9rminos y condiciones"},"content":{"rendered":"\t\t<div data-elementor-type=\"wp-page\" data-elementor-id=\"6698\" class=\"elementor elementor-6698 elementor-3307\" data-elementor-post-type=\"page\">\n\t\t\t\t\t\t<section class=\"elementor-section elementor-top-section elementor-element elementor-element-2c6b62c elementor-section-boxed elementor-section-height-default elementor-section-height-default\" data-id=\"2c6b62c\" data-element_type=\"section\">\n\t\t\t\t\t\t<div class=\"elementor-container elementor-column-gap-default\">\n\t\t\t\t\t<div class=\"elementor-column elementor-col-100 elementor-top-column elementor-element elementor-element-6c64502\" data-id=\"6c64502\" data-element_type=\"column\">\n\t\t\t<div class=\"elementor-widget-wrap elementor-element-populated\">\n\t\t\t\t\t\t<div class=\"elementor-element elementor-element-c1be810 elementor-widget elementor-widget-spacer\" data-id=\"c1be810\" data-element_type=\"widget\" data-widget_type=\"spacer.default\">\n\t\t\t\t<div class=\"elementor-widget-container\">\n\t\t\t\t\t\t\t<div class=\"elementor-spacer\">\n\t\t\t<div class=\"elementor-spacer-inner\"><\/div>\n\t\t<\/div>\n\t\t\t\t\t\t<\/div>\n\t\t\t\t<\/div>\n\t\t\t\t<div class=\"elementor-element elementor-element-e39c1c9 elementor-widget elementor-widget-heading\" data-id=\"e39c1c9\" data-element_type=\"widget\" data-widget_type=\"heading.default\">\n\t\t\t\t<div class=\"elementor-widget-container\">\n\t\t\t\t\t<h2 class=\"elementor-heading-title elementor-size-default\">T\u00c9RMINOS Y CONDICIONES<\/h2>\t\t\t\t<\/div>\n\t\t\t\t<\/div>\n\t\t\t\t<div class=\"elementor-element elementor-element-374b6a2 elementor-widget elementor-widget-spacer\" data-id=\"374b6a2\" data-element_type=\"widget\" data-widget_type=\"spacer.default\">\n\t\t\t\t<div class=\"elementor-widget-container\">\n\t\t\t\t\t\t\t<div class=\"elementor-spacer\">\n\t\t\t<div class=\"elementor-spacer-inner\"><\/div>\n\t\t<\/div>\n\t\t\t\t\t\t<\/div>\n\t\t\t\t<\/div>\n\t\t\t\t<div class=\"elementor-element elementor-element-e292386 elementor-widget elementor-widget-text-editor\" data-id=\"e292386\" data-element_type=\"widget\" data-widget_type=\"text-editor.default\">\n\t\t\t\t<div class=\"elementor-widget-container\">\n\t\t\t\t\t\t\t\t\t<p><strong>1. Alcance de los T\u00e9rminos y Condiciones:<\/strong> Los T\u00e9rminos y Condiciones de venta de productos y proyectos de servicio se limitan a los aqu\u00ed contenidos. Cualquier condici\u00f3n adicional o diferente en cualquier forma entregada por ti (\u00abCliente\u00bb) se considera por la presente como una alteraci\u00f3n material y por la presente se notifica la objeci\u00f3n a la misma y su rechazo. Al aceptar la entrega de los productos o al contratar a Punbar LLC (\u00abVendedor\u00bb) para que proporcione producto(s) o realice o produzca cualquier servicio, el Cliente acepta quedar vinculado por estos T\u00e9rminos y Condiciones y los acepta, a menos que el Cliente y el Vendedor hayan firmado un acuerdo por separado, en cuyo caso regir\u00e1 el acuerdo por separado. Estos T\u00e9rminos y Condiciones constituyen un contrato vinculante entre el Cliente y el Vendedor y se denominan en este documento \u00abT\u00e9rminos y Condiciones\u00bb o este \u00abAcuerdo\u00bb. El Cliente acepta estos T\u00e9rminos y Condiciones al realizar una compra o un pedido al Vendedor o al contratar al Vendedor para realizar u obtener cualquier servicio. Estas Condiciones est\u00e1n sujetas a cambios sin previo aviso, salvo que regir\u00e1n las Condiciones publicadas en el Sitio Web del Vendedor en el momento en que el Cliente firme la Propuesta de Instalaci\u00f3n, a menos que el Vendedor y el Cliente acuerden otra cosa por escrito.<\/p><p><strong>2. Condiciones de Pago:<\/strong> El Cliente pagar\u00e1 al Vendedor seg\u00fan los t\u00e9rminos contenidos en la Propuesta de Instalaci\u00f3n. El pago final deber\u00e1 efectuarse una vez que los trabajos descritos en la Propuesta de Instalaci\u00f3n est\u00e9n sustancialmente terminados.<\/p><p><strong>3. Zonificaci\u00f3n y Permisos:<\/strong> El Cliente se compromete a facilitar puntualmente toda la informaci\u00f3n necesaria para obtener los planos y permisos para el trabajo solicitado en virtud de este Contrato, y garantiza que el trabajo contratado cumple los c\u00f3digos de zonificaci\u00f3n, clasificaci\u00f3n y construcci\u00f3n aplicables. Cualquier coste por trabajos no incluidos en el Presupuesto pero exigidos por las autoridades legales para que la obra cumpla con el c\u00f3digo aplicable ser\u00e1 responsabilidad del Cliente. El vendedor no asume ninguna responsabilidad por la violaci\u00f3n de las normas\/leyes de zonificaci\u00f3n.<\/p><p><strong>4. \u00d3rdenes de cambio:<\/strong> Durante el progreso del trabajo en virtud de este Contrato, si el Cliente pidiera trabajo extra no especificado en el Contrato, el Vendedor podr\u00e1 exigir que dicho trabajo extra se considere un acuerdo separado y aparte de este Contrato y podr\u00e1 exigir el pago de dicho trabajo extra por adelantado.<\/p><p><strong>5. 5. Calendario de trabajo:<\/strong> El trabajo se completar\u00e1 en un plazo razonable. La ejecuci\u00f3n de este Contrato est\u00e1 sujeta a huelgas laborales, incendios, actos de guerra o terrorismo, casos fortuitos, condiciones meteorol\u00f3gicas adversas no previstas razonablemente, retrasos inusuales en el transporte, capacidad del Vendedor para obtener materiales y\/o cualquier causa ajena al control del Vendedor.<\/p><p><strong>6. 6. Sustituciones:<\/strong> En caso de que el Vendedor no pueda obtener cualquier material especificado en el Contrato o en cualquier Orden de Cambio, el Vendedor tendr\u00e1 derecho, a su entera discreci\u00f3n, a sustituir materiales comparables y dicha sustituci\u00f3n no afectar\u00e1 al Precio Contractual.<\/p><p><strong>7. Exceso de Materiales:<\/strong> Los materiales sobrantes tras la finalizaci\u00f3n se considerar\u00e1n propiedad del Vendedor, y el Vendedor podr\u00e1 entrar en las instalaciones de la Propiedad para retirar los materiales sobrantes a cualquier hora razonable.  <\/p><p><strong>8. Responsabilidad de supervisi\u00f3n:<\/strong> El Vendedor supervisar\u00e1 y dirigir\u00e1 el trabajo en la Propiedad del Cliente, empleando habilidad y atenci\u00f3n razonables. El Vendedor ser\u00e1 el \u00fanico responsable de los medios, m\u00e9todos, t\u00e9cnica, secuencias y procedimientos de construcci\u00f3n de todos los trabajos realizados en la Propiedad del Cliente en virtud del presente Contrato. El Cliente no interferir\u00e1 con las fuerzas de trabajo del Vendedor ni con los subcontratistas del Vendedor.<\/p><p><strong>9. Garant\u00eda limitada:<\/strong> El Vendedor proporcionar\u00e1 al Cliente una garant\u00eda limitada sobre el servicio y la mano de obra durante el plazo establecido en el Contrato de Instalaci\u00f3n, a partir de la fecha de finalizaci\u00f3n de los servicios contra defectos en la calidad de la mano de obra y\/o los materiales (\u00abPer\u00edodo de Garant\u00eda\u00bb). El Vendedor no ser\u00e1 responsable durante o despu\u00e9s del Periodo de Garant\u00eda de ning\u00fan: (a) Los da\u00f1os debidos al desgaste ordinario o a un uso abusivo; (b) Da\u00f1os debidos al uso del equipo por encima de las temperaturas de dise\u00f1o (refrigeraci\u00f3n ajustada por debajo de 70 \u00b0F, por ejemplo); (c) Los defectos que sean consecuencia de caracter\u00edsticas comunes a los materiales utilizados; (d) P\u00e9rdidas, lesiones o da\u00f1os causados de cualquier modo por los elementos meteorol\u00f3gicos; (e) las condiciones resultantes de la condensaci\u00f3n, dilataci\u00f3n o contracci\u00f3n de cualquier material; (f) cualquier fuga de agua, bloqueo, congelaci\u00f3n u otro mal funcionamiento de las l\u00edneas de condensado o drenaje; y\/o (g) fugas de aire derivadas de deficiencias estructurales en los conductos de suministro\/retorno o transiciones existentes. Si el Cliente opta por un Per\u00edodo de Garant\u00eda superior a dos (2) a\u00f1os, el Cliente se compromete a mantener acuerdos de servicio anuales con el Vendedor durante todo el Per\u00edodo de Garant\u00eda; el Vendedor no ser\u00e1 responsable de las reparaciones en garant\u00eda durante el Per\u00edodo de Garant\u00eda en ausencia de dicho(s) acuerdo(s) de servicio anual(es). Si el Cliente vende la vivienda, el equipo pasar\u00e1 a tener una garant\u00eda b\u00e1sica de 5 a\u00f1os de piezas y 5 a\u00f1os de mano de obra (suponiendo que el contrato de mantenimiento siga vigente). Si procede, el Cliente es responsable de pagar al fabricante del equipo por cualquier transferencia de la garant\u00eda del equipo. El vendedor no se hace responsable de las garant\u00edas ofrecidas por el fabricante. El Vendedor no ofrece ninguna garant\u00eda al Comprador en relaci\u00f3n con los materiales y\/o equipos instalados (salvo la garant\u00eda de titularidad), y el Vendedor no autoriza a ninguna tercera persona o parte a asumir ninguna obligaci\u00f3n o responsabilidad de garant\u00eda en nombre del Vendedor. Las \u00fanicas garant\u00edas aplicables a los materiales y\/o equipos instalados son las que, en su caso, extienda el fabricante respectivo, que facilitar\u00e1 al Comprador todos y cada uno de los documentos de garant\u00eda aplicables. Por la presente, el Vendedor cede al Comprador, sin recurso, cualquier garant\u00eda aplicable extendida al Vendedor. Dicha cesi\u00f3n constituir\u00e1 la \u00fanica obligaci\u00f3n del Vendedor y el \u00fanico recurso exclusivo del Comprador frente al Vendedor con respecto a los materiales y\/o equipos instalados defectuosos. Esta garant\u00eda limitada sustituye a todas las dem\u00e1s garant\u00edas, legales o de otro tipo, expresas o impl\u00edcitas, a todas las declaraciones realizadas por el Vendedor y a todas las dem\u00e1s obligaciones o responsabilidades respectivas de los Servicios prestados en la Propiedad. El Vendedor renuncia a cualquier otra garant\u00eda, expresa o impl\u00edcita, incluyendo, sin limitaci\u00f3n, cualquier garant\u00eda impl\u00edcita de construcci\u00f3n profesional, garant\u00eda impl\u00edcita de habitabilidad, garant\u00eda impl\u00edcita de idoneidad para un fin o uso particular y\/o garant\u00eda impl\u00edcita de comerciabilidad. Bajo ninguna circunstancia el Vendedor ser\u00e1 responsable ante el Cliente por p\u00e9rdida de tiempo, p\u00e9rdida de uso, inconvenientes o cualquier otro da\u00f1o incidental o consecuente que pueda derivarse de este Contrato. Las reparaciones o intentos de reparaci\u00f3n no autorizados anular\u00e1n esta garant\u00eda por completo.<\/p><p><strong>10. Condiciones de dise\u00f1o:<\/strong> Todos los equipos est\u00e1n dise\u00f1ados seg\u00fan las temperaturas de dise\u00f1o est\u00e1ndar del Manual J. para Houston, TX. El vendedor no se hace responsable de la refrigeraci\u00f3n\/calefacci\u00f3n por encima de las temperaturas de dise\u00f1o est\u00e1ndar del Manual J., de los altos niveles de humedad, de que el sistema alcance el punto de roc\u00edo, de que los conductos transpiren\/produzcan condensaci\u00f3n debido a las tasas de infiltraci\u00f3n en la vivienda o por cualquier otro motivo. Los valores R, la estanqueidad estructural, las condiciones de los conductos, las infiltraciones en la vivienda, las fugas de los conductos, los materiales de construcci\u00f3n y cualquier otro factor del c\u00e1lculo de la carga vendr\u00e1n determinados por la informaci\u00f3n que el Cliente proporcione al Vendedor en la consulta inicial; el Vendedor no se hace responsable de los problemas derivados de la informaci\u00f3n incorrecta proporcionada por el Cliente en el momento de la consulta y el c\u00e1lculo de la carga. Si el Cliente no autoriza al Vendedor a realizar sus propias pruebas para determinar los c\u00e1lculos de carga, todos los valores de aislamiento, el Vendedor dimensionar\u00e1 el nuevo sistema de climatizaci\u00f3n bas\u00e1ndose en el tama\u00f1o del sistema de climatizaci\u00f3n existente. En tal caso, el Vendedor no ser\u00e1 responsable de los problemas causados por el sobredimensionamiento (incluidos, entre otros, los ciclos cortos, el control de la humedad y el crecimiento de moho) o el infradimensionamiento (incluida, entre otros, la incapacidad de calentar o enfriar dentro de las temperaturas de dise\u00f1o est\u00e1ndar del Manual J.).<\/p><p><strong>11. Rendimiento o estado del equipo existente:<\/strong> El Vendedor no es responsable del rendimiento, funcionalidad o compatibilidad de los equipos, conductos, placas de conductos, controles u otros equipos\/materiales existentes que no se sustituyan durante la instalaci\u00f3n de un trabajo y que el Cliente acepte mantener en su lugar. En caso de que el sistema no funcione correctamente, el servicio de Garant\u00eda s\u00f3lo cubrir\u00e1 los equipos, controles o materiales reci\u00e9n instalados, as\u00ed como nuestra mano de obra. En caso de que un equipo existente impida la puesta en marcha o el funcionamiento correctos del nuevo equipo o sistema, el Cliente asume toda la responsabilidad de los gastos de servicio adicionales en que pueda incurrir.<\/p><p><strong>12. Conjunto de l\u00edneas existente:<\/strong> El Vendedor no es responsable de ning\u00fan problema de calefacci\u00f3n o refrigeraci\u00f3n debido al juego de conductos existente, que puede requerir reparaci\u00f3n y sustituci\u00f3n por un coste adicional para el Cliente en caso de que el Vendedor no pueda hacer un vac\u00edo de 500 micras en un juego de conductos existente. Si el Cliente rechaza la recomendaci\u00f3n del Vendedor de sustituir un juego de conductos existente, la garant\u00eda limitada del Vendedor quedar\u00e1 anulada.<\/p><p><strong>13. Tuber\u00eda de gas existente:<\/strong> El Vendedor no es responsable del estado de ninguna tuber\u00eda de gas existente que no sea f\u00e1cilmente accesible. El cliente es responsable de cualquier coste adicional en el que se incurra si es necesario realizar pruebas de presi\u00f3n para identificar fugas y las reparaciones necesarias.<\/p><p><strong>14. Pintura, remiendos y reparaciones:<\/strong> El Vendedor no se hace responsable de los trabajos de pintura, parcheado o reparaci\u00f3n que puedan ser necesarios tras los trabajos de modificaci\u00f3n\/instalaci\u00f3n.<\/p><p><strong>15. Bienes personales:<\/strong> El Vendedor no se hace responsable de los da\u00f1os causados a los bienes personales del Cliente dejados en la zona del proyecto o cerca de ella.<\/p><p><strong>16. Escaleras de Acceso al \u00c1tico Existentes:<\/strong> En caso de que las escaleras existentes del Cliente no puedan utilizarse de forma segura para la retirada e instalaci\u00f3n del equipo, puede ser necesario un m\u00e9todo o acceso alternativo. El vendedor no se hace responsable de (a) la sustituci\u00f3n o reparaci\u00f3n de pelda\u00f1os o escaleras del \u00e1tico que deban retirarse para completar los trabajos de traslado o instalaci\u00f3n; y\/o (b) cualquier da\u00f1o material resultante de la retirada de los pelda\u00f1os o escaleras del \u00e1tico.<\/p><p><strong>17. Moho:<\/strong> El Vendedor no ser\u00e1 responsable de ninguna reclamaci\u00f3n, da\u00f1o, acci\u00f3n, coste u otra responsabilidad, ya sea directa o indirecta, que pueda ser causada por, resultar de o estar relacionada con el moho. El descubrimiento y\/o eliminaci\u00f3n de cualquier moho o material peligroso queda excluido del alcance del trabajo del Vendedor, y el Vendedor se reserva el derecho a detener el trabajo hasta que se elimine dicho moho o material peligroso.<\/p><p><strong>18. Seguro y renuncia a la subrogaci\u00f3n:<\/strong> El Cliente mantendr\u00e1 un seguro de propiedad sobre toda la estructura, incluidos todos los trabajos que se realicen en virtud del presente Contrato, por el valor total asegurable de la misma. Este seguro cubrir\u00e1 los riesgos de incendio, robo, cobertura ampliada, vandalismo y da\u00f1os intencionados. El Cliente y el Vendedor renuncian a todos los derechos contra la otra parte por da\u00f1os causados por riesgos asegurados, independientemente de que dichos da\u00f1os se deban a culpa o negligencia de cualquiera de las partes<\/p><p><strong>19. 19. Indemnizaci\u00f3n:<\/strong> El Cliente indemnizar\u00e1, defender\u00e1 y eximir\u00e1 de responsabilidad al Vendedor y a sus respectivos consejeros, directivos, empleados, agentes, fiadores, subcontratistas y proveedores frente a todas y cada una de las p\u00e9rdidas, costes, gastos, da\u00f1os, lesiones, reclamaciones, demandas, obligaciones, responsabilidades, sentencias, multas, sanciones, intereses y causas de acci\u00f3n, incluidos, sin limitaci\u00f3n, los costes administrativos y legales y los honorarios razonables de abogados, que impliquen lo siguiente: (a) la lesi\u00f3n o muerte de cualquier persona, o el da\u00f1o o destrucci\u00f3n de cualquier propiedad (incluida la p\u00e9rdida de uso de la misma), excepto en la medida causada por negligencia exclusiva o mala conducta intencionada del Vendedor; y (b) cualquier incumplimiento por parte del Cliente de los requisitos del Acuerdo.<\/p><p><strong>20. 20. Riesgo de P\u00e9rdida:<\/strong> El riesgo de p\u00e9rdida pasar\u00e1 al Cliente en el momento de la entrega de los materiales y equipos a la Propiedad del Cliente. El Vendedor no ser\u00e1 responsable de ninguna p\u00e9rdida debida a incendio, robo, vandalismo y\/o da\u00f1o malintencionado una vez entregada a la Propiedad del Cliente. El Cliente asumir\u00e1 toda la responsabilidad por cualquier p\u00e9rdida de este tipo y mantendr\u00e1 una cobertura de seguro para protegerse contra dicha p\u00e9rdida.<\/p><p><strong>21. 21. Divisibilidad:<\/strong> Si alguna parte de este Acuerdo fuera declarada nula, inaplicable o contraria al orden p\u00fablico, s\u00f3lo dicha parte nula o inaplicable ser\u00e1 suprimida y eliminada del mismo, mientras que las dem\u00e1s partes seguir\u00e1n siendo v\u00e1lidas y aplicables.<\/p><p><strong>22. Cumplimiento:<\/strong> Si el Cliente incumple alguna de sus obligaciones en virtud del presente Contrato o si el Vendedor, de buena fe, considera que las perspectivas de pago o cumplimiento se ven mermadas, el Vendedor podr\u00e1, previa notificaci\u00f3n por escrito al Cliente con siete (7) d\u00edas de antelaci\u00f3n, rescindir el presente Contrato, conservando todos los derechos de retenci\u00f3n del mec\u00e1nico, as\u00ed como el derecho al pago del importe total del trabajo realizado m\u00e1s los gastos generales y beneficios razonables, intereses, honorarios de abogados y otros cargos vencidos e impagados.<\/p><p><strong>23. Cobros:<\/strong> Si los importes adeudados en virtud del presente Contrato no se abonan en un plazo de treinta (30) d\u00edas, el Cliente acepta pagar un recargo por demora sobre cualquier saldo pendiente del dos por ciento (2%) mensual o del veinticuatro por ciento (24%) anual sobre el importe impagado calculado a partir de la fecha de vencimiento del pago. Se considerar\u00e1 que el Cliente ha aceptado la prestaci\u00f3n del Vendedor como completa en virtud de este Contrato a menos que el Cliente notifique lo contrario al Vendedor por escrito en un plazo de treinta (30) d\u00edas a partir de la finalizaci\u00f3n sustancial. En caso de que el Vendedor contrate la asistencia de un tercero, incluyendo sin limitaci\u00f3n a un abogado, para ayudar en el cobro de las cantidades adeudadas y no pagadas, el Cliente acepta pagar los costes del Vendedor asociados a ello, incluyendo sin limitaci\u00f3n los honorarios razonables de los abogados, las costas judiciales y los intereses al tipo legal m\u00e1ximo.<\/p><p><strong>24. 24. Acuerdo \u00edntegro:<\/strong> Este Contrato constituye el acuerdo completo entre el Cliente y el Vendedor. Ning\u00fan acuerdo, declaraci\u00f3n o garant\u00eda distintos de los establecidos espec\u00edficamente en el presente documento ser\u00e1n vinculantes para ninguna de las partes a menos que se establezcan por escrito y est\u00e9n firmados por ambas partes.<\/p>\t\t\t\t\t\t\t\t<\/div>\n\t\t\t\t<\/div>\n\t\t\t\t<div class=\"elementor-element elementor-element-4603192 elementor-widget elementor-widget-spacer\" data-id=\"4603192\" data-element_type=\"widget\" data-widget_type=\"spacer.default\">\n\t\t\t\t<div class=\"elementor-widget-container\">\n\t\t\t\t\t\t\t<div class=\"elementor-spacer\">\n\t\t\t<div class=\"elementor-spacer-inner\"><\/div>\n\t\t<\/div>\n\t\t\t\t\t\t<\/div>\n\t\t\t\t<\/div>\n\t\t\t\t\t<\/div>\n\t\t<\/div>\n\t\t\t\t\t<\/div>\n\t\t<\/section>\n\t\t\t\t<\/div>\n\t\t","protected":false},"excerpt":{"rendered":"<p>T\u00c9RMINOS Y CONDICIONES 1. Alcance de los T\u00e9rminos y Condiciones: Los T\u00e9rminos y Condiciones de venta de productos y proyectos de servicio se limitan a los aqu\u00ed contenidos. Cualquier condici\u00f3n adicional o diferente en cualquier forma entregada por ti (\u00abCliente\u00bb) se considera por la presente como una alteraci\u00f3n material y por la presente se notifica [&hellip;]<\/p>\n","protected":false},"author":1,"featured_media":0,"parent":0,"menu_order":0,"comment_status":"closed","ping_status":"closed","template":"","meta":{"footnotes":""},"class_list":["post-6698","page","type-page","status-publish","hentry"],"_links":{"self":[{"href":"https:\/\/cooltechies.com\/es\/wp-json\/wp\/v2\/pages\/6698","targetHints":{"allow":["GET"]}}],"collection":[{"href":"https:\/\/cooltechies.com\/es\/wp-json\/wp\/v2\/pages"}],"about":[{"href":"https:\/\/cooltechies.com\/es\/wp-json\/wp\/v2\/types\/page"}],"author":[{"embeddable":true,"href":"https:\/\/cooltechies.com\/es\/wp-json\/wp\/v2\/users\/1"}],"replies":[{"embeddable":true,"href":"https:\/\/cooltechies.com\/es\/wp-json\/wp\/v2\/comments?post=6698"}],"version-history":[{"count":4,"href":"https:\/\/cooltechies.com\/es\/wp-json\/wp\/v2\/pages\/6698\/revisions"}],"predecessor-version":[{"id":11104,"href":"https:\/\/cooltechies.com\/es\/wp-json\/wp\/v2\/pages\/6698\/revisions\/11104"}],"wp:attachment":[{"href":"https:\/\/cooltechies.com\/es\/wp-json\/wp\/v2\/media?parent=6698"}],"curies":[{"name":"wp","href":"https:\/\/api.w.org\/{rel}","templated":true}]}}