{"id":6477,"date":"2024-04-11T03:17:30","date_gmt":"2024-04-11T08:17:30","guid":{"rendered":"https:\/\/cooltechies.com\/politica-de-privacidad\/"},"modified":"2025-05-21T11:06:41","modified_gmt":"2025-05-21T16:06:41","slug":"politica-de-privacidad","status":"publish","type":"page","link":"https:\/\/cooltechies.com\/es\/politica-de-privacidad\/","title":{"rendered":"Pol\u00edtica de privacidad"},"content":{"rendered":"\t\t<div data-elementor-type=\"wp-page\" data-elementor-id=\"6477\" class=\"elementor elementor-6477 elementor-3289\" data-elementor-post-type=\"page\">\n\t\t\t\t\t\t<section class=\"elementor-section elementor-top-section elementor-element elementor-element-517d2c3 elementor-section-boxed elementor-section-height-default elementor-section-height-default\" data-id=\"517d2c3\" data-element_type=\"section\">\n\t\t\t\t\t\t<div class=\"elementor-container elementor-column-gap-default\">\n\t\t\t\t\t<div class=\"elementor-column elementor-col-100 elementor-top-column elementor-element elementor-element-6c636db\" data-id=\"6c636db\" data-element_type=\"column\">\n\t\t\t<div class=\"elementor-widget-wrap elementor-element-populated\">\n\t\t\t\t\t\t<div class=\"elementor-element elementor-element-2251f01 elementor-widget elementor-widget-spacer\" data-id=\"2251f01\" data-element_type=\"widget\" data-widget_type=\"spacer.default\">\n\t\t\t\t<div class=\"elementor-widget-container\">\n\t\t\t\t\t\t\t<div class=\"elementor-spacer\">\n\t\t\t<div class=\"elementor-spacer-inner\"><\/div>\n\t\t<\/div>\n\t\t\t\t\t\t<\/div>\n\t\t\t\t<\/div>\n\t\t\t\t<div class=\"elementor-element elementor-element-1c2d506 elementor-widget elementor-widget-heading\" data-id=\"1c2d506\" data-element_type=\"widget\" data-widget_type=\"heading.default\">\n\t\t\t\t<div class=\"elementor-widget-container\">\n\t\t\t\t\t<h2 class=\"elementor-heading-title elementor-size-default\">POL\u00cdTICA DE PRIVACIDAD<\/h2>\t\t\t\t<\/div>\n\t\t\t\t<\/div>\n\t\t\t\t<div class=\"elementor-element elementor-element-250a554 elementor-widget elementor-widget-spacer\" data-id=\"250a554\" data-element_type=\"widget\" data-widget_type=\"spacer.default\">\n\t\t\t\t<div class=\"elementor-widget-container\">\n\t\t\t\t\t\t\t<div class=\"elementor-spacer\">\n\t\t\t<div class=\"elementor-spacer-inner\"><\/div>\n\t\t<\/div>\n\t\t\t\t\t\t<\/div>\n\t\t\t\t<\/div>\n\t\t\t\t<div class=\"elementor-element elementor-element-e36889e elementor-widget elementor-widget-text-editor\" data-id=\"e36889e\" data-element_type=\"widget\" data-widget_type=\"text-editor.default\">\n\t\t\t\t<div class=\"elementor-widget-container\">\n\t\t\t\t\t\t\t\t\t<h2>Este aviso de privacidad revela las pr\u00e1cticas de privacidad de cooltechies.com y se aplica \u00fanicamente a la informaci\u00f3n recogida por este sitio web.<\/h2><p>Te notificar\u00e1 lo siguiente:<\/p><ol><li>Qu\u00e9 informaci\u00f3n personal identificable se recopila de ti a trav\u00e9s del sitio web, c\u00f3mo se utiliza y con qui\u00e9n puede compartirse.<\/li><li>Qu\u00e9 opciones tienes respecto al uso de tus datos.<\/li><li>Los procedimientos de seguridad establecidos para proteger el uso indebido de tu informaci\u00f3n.<\/li><li>C\u00f3mo puedes corregir cualquier inexactitud en la informaci\u00f3n.<\/li><\/ol><p> <\/p><h2>Recogida, uso e intercambio de informaci\u00f3n<\/h2><p>Somos los \u00fanicos propietarios de la informaci\u00f3n recogida en este sitio. S\u00f3lo tenemos acceso a la informaci\u00f3n que nos facilitas voluntariamente por correo electr\u00f3nico u otro contacto directo tuyo. No venderemos ni alquilaremos esta informaci\u00f3n a nadie.<\/p><p>Utilizaremos tus datos para responderte en relaci\u00f3n con el motivo por el que te pusiste en contacto con nosotros. No compartiremos tu informaci\u00f3n con ning\u00fan tercero ajeno a nuestra organizaci\u00f3n, salvo en la medida en que sea necesario para satisfacer tu solicitud.<\/p><p>A menos que nos pidas que no lo hagamos, podemos ponernos en contacto contigo por correo electr\u00f3nico en el futuro para informarte sobre ofertas especiales, nuevos productos o servicios, o cambios en esta pol\u00edtica de privacidad.<br>Tu acceso y control sobre la informaci\u00f3n<\/p><p>Puedes optar por no recibir m\u00e1s contactos nuestros en cualquier momento. Puedes hacer lo siguiente en cualquier momento poni\u00e9ndote en contacto con nosotros a trav\u00e9s de la direcci\u00f3n de correo electr\u00f3nico o el n\u00famero de tel\u00e9fono que figuran en nuestro sitio web:<\/p><ul><li>Ver qu\u00e9 datos tenemos sobre ti, si los hay.<\/li><li>Cambiar\/corregir cualquier dato que tengamos sobre ti.<\/li><li>Hacer que eliminemos los datos que tenemos sobre ti.<\/li><li>Expresar cualquier preocupaci\u00f3n que tengas sobre el uso que hacemos de tus datos.<\/li><\/ul><p> <\/p><h2>Seguridad<\/h2><p>Tomamos precauciones para proteger tu informaci\u00f3n. Cuando env\u00edas informaci\u00f3n sensible a trav\u00e9s del sitio web, tu informaci\u00f3n est\u00e1 protegida tanto en l\u00ednea como fuera de l\u00ednea.<\/p><p>Siempre que recopilamos informaci\u00f3n sensible (como credenciales de inicio de sesi\u00f3n), esa informaci\u00f3n se encripta y se nos transmite de forma segura. Puedes comprobarlo buscando un icono de candado en la barra de direcciones y buscando \u00abhttps\u00bb al principio de la direcci\u00f3n de la p\u00e1gina web.<\/p><p>Aunque utilizamos la encriptaci\u00f3n para proteger la informaci\u00f3n confidencial transmitida en l\u00ednea, tambi\u00e9n protegemos tu informaci\u00f3n fuera de l\u00ednea. S\u00f3lo los empleados que necesitan la informaci\u00f3n para realizar un trabajo espec\u00edfico (por ejemplo, facturaci\u00f3n o atenci\u00f3n al cliente) tienen acceso a la informaci\u00f3n personal identificable. Los ordenadores\/servidores en los que almacenamos informaci\u00f3n personal identificable se mantienen en un entorno seguro.<\/p><p>Este sitio web contiene enlaces a otros sitios. Ten en cuenta que no somos responsables del contenido ni de las pr\u00e1cticas de privacidad de esos otros sitios. Animamos a nuestros usuarios a que est\u00e9n atentos cuando salgan de nuestro sitio y a que lean las declaraciones de privacidad de cualquier otro sitio que recopile informaci\u00f3n personal identificable.<\/p><p>Si crees que no cumplimos esta pol\u00edtica de privacidad, ponte en contacto con nosotros por correo electr\u00f3nico en info@cooltechies.com.<\/p><p> <\/p><h2>Pol\u00edtica de cookies<\/h2><p>En este sitio utilizamos \u00abcookies\u00bb. Una cookie es un dato que se almacena en el disco duro de un visitante del sitio para ayudarnos a mejorar tu acceso a nuestro sitio e identificar a los visitantes recurrentes del mismo. Por ejemplo, cuando utilizamos una cookie para identificarte, no tendr\u00edas que iniciar sesi\u00f3n con una contrase\u00f1a m\u00e1s de una vez, ahorrando as\u00ed tiempo mientras est\u00e1s en nuestro sitio.<br>Las cookies se utilizan generalmente para realizar una o todas las acciones siguientes:<\/p><ul><li><strong>Autenticaci\u00f3n:<\/strong> Las cookies ayudan a los sitios web a determinar si un usuario ha iniciado sesi\u00f3n y, a continuaci\u00f3n, ofrecen la experiencia y las funciones adecuadas a ese usuario \u00fanico.<\/li><li><strong>La seguridad:<\/strong> Las cookies ayudan a imponer medidas de seguridad en un sitio web. Tambi\u00e9n ayudan a detectar actividades inusuales y sospechosas.<\/li><li><strong>Publicidad:<\/strong> Las cookies ofrecen una mejor experiencia publicitaria a los usuarios.<\/li><li><strong>An\u00e1lisis e investigaci\u00f3n:<\/strong> Este sitio web utiliza Google Analytics, un servicio anal\u00edtico de web prestado por Google, Inc. (\u00abGoogle\u00bb). Google Analytics utiliza \u00abcookies\u00bb, que son archivos de texto ubicados en tu ordenador, para ayudar al sitio web a analizar c\u00f3mo lo utilizan los usuarios. La informaci\u00f3n que genera la cookie acerca de tu uso del sitio web (incluyendo tu direcci\u00f3n IP) ser\u00e1 directamente transmitida y archivada por Google en los servidores de Estados Unidos. Google usar\u00e1 esta informaci\u00f3n con el prop\u00f3sito de evaluar tu uso del sitio web, recopilando informes de la actividad del sitio web para los operadores del mismo y prestando otros servicios relacionados con la actividad del sitio web y el uso de Internet. Google podr\u00e1 transmitir dicha informaci\u00f3n a terceros cuando as\u00ed se lo requiera la legislaci\u00f3n, o cuando dichos terceros procesen la informaci\u00f3n por cuenta de Google. Google no asociar\u00e1 tu direcci\u00f3n IP con ning\u00fan otro dato del que disponga Google.<\/li><li><strong>Consentimiento de cookies:<\/strong> Puedes rechazar el uso de cookies seleccionando la configuraci\u00f3n adecuada en tu navegador; sin embargo, ten en cuenta que si lo haces es posible que no puedas utilizar todas las funciones de este sitio web. Al utilizar este sitio web, consientes el tratamiento de informaci\u00f3n acerca de ti por Google en la forma y para los fines arriba indicados.<\/li><\/ul>\t\t\t\t\t\t\t\t<\/div>\n\t\t\t\t<\/div>\n\t\t\t\t<div class=\"elementor-element elementor-element-9ab57e9 elementor-widget elementor-widget-spacer\" data-id=\"9ab57e9\" data-element_type=\"widget\" data-widget_type=\"spacer.default\">\n\t\t\t\t<div class=\"elementor-widget-container\">\n\t\t\t\t\t\t\t<div class=\"elementor-spacer\">\n\t\t\t<div class=\"elementor-spacer-inner\"><\/div>\n\t\t<\/div>\n\t\t\t\t\t\t<\/div>\n\t\t\t\t<\/div>\n\t\t\t\t\t<\/div>\n\t\t<\/div>\n\t\t\t\t\t<\/div>\n\t\t<\/section>\n\t\t\t\t<\/div>\n\t\t","protected":false},"excerpt":{"rendered":"<p>POL\u00cdTICA DE PRIVACIDAD Este aviso de privacidad revela las pr\u00e1cticas de privacidad de cooltechies.com y se aplica \u00fanicamente a la informaci\u00f3n recogida por este sitio web. Te notificar\u00e1 lo siguiente: Qu\u00e9 informaci\u00f3n personal identificable se recopila de ti a trav\u00e9s del sitio web, c\u00f3mo se utiliza y con qui\u00e9n puede compartirse. Qu\u00e9 opciones tienes respecto [&hellip;]<\/p>\n","protected":false},"author":1,"featured_media":0,"parent":0,"menu_order":0,"comment_status":"closed","ping_status":"closed","template":"","meta":{"footnotes":""},"class_list":["post-6477","page","type-page","status-publish","hentry"],"_links":{"self":[{"href":"https:\/\/cooltechies.com\/es\/wp-json\/wp\/v2\/pages\/6477","targetHints":{"allow":["GET"]}}],"collection":[{"href":"https:\/\/cooltechies.com\/es\/wp-json\/wp\/v2\/pages"}],"about":[{"href":"https:\/\/cooltechies.com\/es\/wp-json\/wp\/v2\/types\/page"}],"author":[{"embeddable":true,"href":"https:\/\/cooltechies.com\/es\/wp-json\/wp\/v2\/users\/1"}],"replies":[{"embeddable":true,"href":"https:\/\/cooltechies.com\/es\/wp-json\/wp\/v2\/comments?post=6477"}],"version-history":[{"count":2,"href":"https:\/\/cooltechies.com\/es\/wp-json\/wp\/v2\/pages\/6477\/revisions"}],"predecessor-version":[{"id":11008,"href":"https:\/\/cooltechies.com\/es\/wp-json\/wp\/v2\/pages\/6477\/revisions\/11008"}],"wp:attachment":[{"href":"https:\/\/cooltechies.com\/es\/wp-json\/wp\/v2\/media?parent=6477"}],"curies":[{"name":"wp","href":"https:\/\/api.w.org\/{rel}","templated":true}]}}